{"id":791,"date":"2025-05-30T08:51:51","date_gmt":"2025-05-30T06:51:51","guid":{"rendered":"http:\/\/restaurant-relais-madeleine.com\/about-2\/"},"modified":"2025-08-29T14:25:10","modified_gmt":"2025-08-29T12:25:10","slug":"about-2","status":"publish","type":"page","link":"https:\/\/restaurant-relais-madeleine.com\/en\/about-2\/","title":{"rendered":"Our Story"},"content":{"rendered":"<div data-elementor-type=\"wp-page\" data-elementor-id=\"791\" class=\"elementor elementor-791\" data-elementor-post-type=\"page\">\n\t\t\t\t\t\t<section class=\"elementor-section elementor-top-section elementor-element elementor-element-dda669a elementor-section-full_width elementor-section-height-min-height elementor-section-height-default elementor-section-items-middle\" data-id=\"dda669a\" data-element_type=\"section\" data-e-type=\"section\" data-settings=\"{&quot;background_background&quot;:&quot;classic&quot;}\">\n\t\t\t\t\t\t\t<div class=\"elementor-background-overlay\"><\/div>\n\t\t\t\t\t\t\t<div class=\"elementor-container elementor-column-gap-no\">\n\t\t\t\t\t<div class=\"elementor-column elementor-col-100 elementor-top-column elementor-element elementor-element-4619b41\" data-id=\"4619b41\" data-element_type=\"column\" data-e-type=\"column\">\n\t\t\t<div class=\"elementor-widget-wrap elementor-element-populated\">\n\t\t\t\t\t\t<div class=\"elementor-element elementor-element-b344885 elementor-widget elementor-widget-image-box\" data-id=\"b344885\" data-element_type=\"widget\" data-e-type=\"widget\" data-widget_type=\"image-box.default\">\n\t\t\t\t<div class=\"elementor-widget-container\">\n\t\t\t\t\t<div class=\"elementor-image-box-wrapper\"><div class=\"elementor-image-box-content\"><h1 class=\"elementor-image-box-title\">Our Story<\/h1><p class=\"elementor-image-box-description\">A Parisian address, a cuisine from the heart.\n<\/p><\/div><\/div>\t\t\t\t<\/div>\n\t\t\t\t<\/div>\n\t\t\t\t\t<\/div>\n\t\t<\/div>\n\t\t\t\t\t<\/div>\n\t\t<\/section>\n\t\t\t\t<section class=\"elementor-section elementor-top-section elementor-element elementor-element-19295bb elementor-section-full_width elementor-section-height-default elementor-section-height-default\" data-id=\"19295bb\" data-element_type=\"section\" data-e-type=\"section\">\n\t\t\t\t\t\t<div class=\"elementor-container elementor-column-gap-no\">\n\t\t\t\t\t<div class=\"elementor-column elementor-col-100 elementor-top-column elementor-element elementor-element-d41cc1e\" data-id=\"d41cc1e\" data-element_type=\"column\" data-e-type=\"column\">\n\t\t\t<div class=\"elementor-widget-wrap elementor-element-populated\">\n\t\t\t\t\t\t<section class=\"elementor-section elementor-inner-section elementor-element elementor-element-e8cd004 elementor-section-full_width elementor-section-height-default elementor-section-height-default\" data-id=\"e8cd004\" data-element_type=\"section\" data-e-type=\"section\">\n\t\t\t\t\t\t<div class=\"elementor-container elementor-column-gap-no\">\n\t\t\t\t\t<div class=\"elementor-column elementor-col-100 elementor-inner-column elementor-element elementor-element-ce4803e\" data-id=\"ce4803e\" data-element_type=\"column\" data-e-type=\"column\">\n\t\t\t<div class=\"elementor-widget-wrap elementor-element-populated\">\n\t\t\t\t\t\t<div class=\"elementor-element elementor-element-e9e4a1f elementor-widget elementor-widget-image-box\" data-id=\"e9e4a1f\" data-element_type=\"widget\" data-e-type=\"widget\" data-widget_type=\"image-box.default\">\n\t\t\t\t<div class=\"elementor-widget-container\">\n\t\t\t\t\t<div class=\"elementor-image-box-wrapper\"><div class=\"elementor-image-box-content\"><h3 class=\"elementor-image-box-title\"><a href=\"#\">A place steeped in history<\/a><\/h3><p class=\"elementor-image-box-description\">Le Relais Madeleine is above all a story of passion: that of a team dedicated to French culinary traditions and the spirit of the bistro. Over the years, our place has become a lively venue, full of shared moments, great food, and good wine.<\/p><\/div><\/div>\t\t\t\t<\/div>\n\t\t\t\t<\/div>\n\t\t\t\t\t<\/div>\n\t\t<\/div>\n\t\t\t\t\t<\/div>\n\t\t<\/section>\n\t\t\t\t<section class=\"elementor-section elementor-inner-section elementor-element elementor-element-6b3c7f9 elementor-section-full_width elementor-section-height-default elementor-section-height-default\" data-id=\"6b3c7f9\" data-element_type=\"section\" data-e-type=\"section\" data-settings=\"{&quot;background_background&quot;:&quot;classic&quot;}\">\n\t\t\t\t\t\t\t<div class=\"elementor-background-overlay\"><\/div>\n\t\t\t\t\t\t\t<div class=\"elementor-container elementor-column-gap-no\">\n\t\t\t\t\t<div class=\"elementor-column elementor-col-100 elementor-inner-column elementor-element elementor-element-6d60964\" data-id=\"6d60964\" data-element_type=\"column\" data-e-type=\"column\">\n\t\t\t<div class=\"elementor-widget-wrap elementor-element-populated\">\n\t\t\t\t\t\t<div class=\"elementor-element elementor-element-06a5ccf elementor-view-default elementor-position-block-start elementor-mobile-position-block-start elementor-widget elementor-widget-icon-box\" data-id=\"06a5ccf\" data-element_type=\"widget\" data-e-type=\"widget\" data-widget_type=\"icon-box.default\">\n\t\t\t\t<div class=\"elementor-widget-container\">\n\t\t\t\t\t\t\t<div class=\"elementor-icon-box-wrapper\">\n\n\t\t\t\t\t\t<div class=\"elementor-icon-box-icon\">\n\t\t\t\t<span  class=\"elementor-icon\">\n\t\t\t\t<svg aria-hidden=\"true\" class=\"e-font-icon-svg e-fas-quote-left\" viewbox=\"0 0 512 512\" xmlns=\"http:\/\/www.w3.org\/2000\/svg\"><path d=\"M464 256h-80v-64c0-35.3 28.7-64 64-64h8c13.3 0 24-10.7 24-24V56c0-13.3-10.7-24-24-24h-8c-88.4 0-160 71.6-160 160v240c0 26.5 21.5 48 48 48h128c26.5 0 48-21.5 48-48V304c0-26.5-21.5-48-48-48zm-288 0H96v-64c0-35.3 28.7-64 64-64h8c13.3 0 24-10.7 24-24V56c0-13.3-10.7-24-24-24h-8C71.6 32 0 103.6 0 192v240c0 26.5 21.5 48 48 48h128c26.5 0 48-21.5 48-48V304c0-26.5-21.5-48-48-48z\"><\/path><\/svg>\t\t\t\t<\/span>\n\t\t\t<\/div>\n\t\t\t\n\t\t\t\t\t\t<div class=\"elementor-icon-box-content\">\n\n\t\t\t\t\t\t\t\t\t<h3 class=\"elementor-icon-box-title\">\n\t\t\t\t\t\t<span  >\n\t\t\t\t\t\t\tWarmth, simplicity, and generosity \u2014 that\u2019s the soul of Le Relais.\t\t\t\t\t\t<\/span>\n\t\t\t\t\t<\/h3>\n\t\t\t\t\n\t\t\t\t\n\t\t\t<\/div>\n\t\t\t\n\t\t<\/div>\n\t\t\t\t\t\t<\/div>\n\t\t\t\t<\/div>\n\t\t\t\t\t<\/div>\n\t\t<\/div>\n\t\t\t\t\t<\/div>\n\t\t<\/section>\n\t\t\t\t<section class=\"elementor-section elementor-inner-section elementor-element elementor-element-7bf3587 elementor-section-full_width elementor-section-height-default elementor-section-height-default\" data-id=\"7bf3587\" data-element_type=\"section\" data-e-type=\"section\">\n\t\t\t\t\t\t<div class=\"elementor-container elementor-column-gap-no\">\n\t\t\t\t\t<div class=\"elementor-column elementor-col-100 elementor-inner-column elementor-element elementor-element-136f040\" data-id=\"136f040\" data-element_type=\"column\" data-e-type=\"column\">\n\t\t\t<div class=\"elementor-widget-wrap elementor-element-populated\">\n\t\t\t\t\t\t<div class=\"elementor-element elementor-element-146b88f elementor-widget-divider--view-line elementor-widget elementor-widget-divider\" data-id=\"146b88f\" data-element_type=\"widget\" data-e-type=\"widget\" data-widget_type=\"divider.default\">\n\t\t\t\t<div class=\"elementor-widget-container\">\n\t\t\t\t\t\t\t<div class=\"elementor-divider\">\n\t\t\t<span class=\"elementor-divider-separator\">\n\t\t\t\t\t\t<\/span>\n\t\t<\/div>\n\t\t\t\t\t\t<\/div>\n\t\t\t\t<\/div>\n\t\t\t\t<div class=\"elementor-element elementor-element-ed0f13d elementor-widget elementor-widget-image-box\" data-id=\"ed0f13d\" data-element_type=\"widget\" data-e-type=\"widget\" data-widget_type=\"image-box.default\">\n\t\t\t\t<div class=\"elementor-widget-container\">\n\t\t\t\t\t<div class=\"elementor-image-box-wrapper\"><div class=\"elementor-image-box-content\"><h2 class=\"elementor-image-box-title\">Our philosophy<\/h2><p class=\"elementor-image-box-description\">Fresh ingredients, honest cuisine, and a taste for authenticity.\n<\/p><\/div><\/div>\t\t\t\t<\/div>\n\t\t\t\t<\/div>\n\t\t\t\t\t<\/div>\n\t\t<\/div>\n\t\t\t\t\t<\/div>\n\t\t<\/section>\n\t\t\t\t<section class=\"elementor-section elementor-inner-section elementor-element elementor-element-0356446 elementor-section-full_width elementor-section-height-default elementor-section-height-default\" data-id=\"0356446\" data-element_type=\"section\" data-e-type=\"section\">\n\t\t\t\t\t\t<div class=\"elementor-container elementor-column-gap-no\">\n\t\t\t\t\t<div class=\"elementor-column elementor-col-50 elementor-inner-column elementor-element elementor-element-40dbfae\" data-id=\"40dbfae\" data-element_type=\"column\" data-e-type=\"column\">\n\t\t\t<div class=\"elementor-widget-wrap elementor-element-populated\">\n\t\t\t\t\t\t<div class=\"elementor-element elementor-element-d12a0af elementor-widget elementor-widget-image-box\" data-id=\"d12a0af\" data-element_type=\"widget\" data-e-type=\"widget\" data-widget_type=\"image-box.default\">\n\t\t\t\t<div class=\"elementor-widget-container\">\n\t\t\t\t\t<div class=\"elementor-image-box-wrapper\"><div class=\"elementor-image-box-content\"><h5 class=\"elementor-image-box-title\">Fresh ingredients, family recipes, and a warm, no-frills welcome.<\/h5><p class=\"elementor-image-box-description\">Every dish served at Le Relais Madeleine tells a story: a memory, a local heritage, a desire to do things well.\nWe believe in simple yet flavorful cooking, without artifice, where quality takes precedence over the superfluous.\n<\/p><\/div><\/div>\t\t\t\t<\/div>\n\t\t\t\t<\/div>\n\t\t\t\t\t<\/div>\n\t\t<\/div>\n\t\t\t\t<div class=\"elementor-column elementor-col-50 elementor-inner-column elementor-element elementor-element-8211cc6\" data-id=\"8211cc6\" data-element_type=\"column\" data-e-type=\"column\">\n\t\t\t<div class=\"elementor-widget-wrap elementor-element-populated\">\n\t\t\t\t\t\t<div class=\"elementor-element elementor-element-d189bac elementor-widget elementor-widget-image\" data-id=\"d189bac\" data-element_type=\"widget\" data-e-type=\"widget\" data-widget_type=\"image.default\">\n\t\t\t\t<div class=\"elementor-widget-container\">\n\t\t\t\t\t\t\t\t\t\t\t\t\t\t\t<img fetchpriority=\"high\" decoding=\"async\" width=\"1200\" height=\"1000\" src=\"https:\/\/restaurant-relais-madeleine.com\/wp-content\/uploads\/2025\/08\/Design-sans-titre-2025-06-07T113126.804-1-1.webp\" class=\"attachment-full size-full wp-image-1644\" alt=\"\" srcset=\"https:\/\/restaurant-relais-madeleine.com\/wp-content\/uploads\/2025\/08\/Design-sans-titre-2025-06-07T113126.804-1-1.webp 1200w, https:\/\/restaurant-relais-madeleine.com\/wp-content\/uploads\/2025\/08\/Design-sans-titre-2025-06-07T113126.804-1-1-300x250.webp 300w, https:\/\/restaurant-relais-madeleine.com\/wp-content\/uploads\/2025\/08\/Design-sans-titre-2025-06-07T113126.804-1-1-1024x853.webp 1024w, https:\/\/restaurant-relais-madeleine.com\/wp-content\/uploads\/2025\/08\/Design-sans-titre-2025-06-07T113126.804-1-1-768x640.webp 768w, https:\/\/restaurant-relais-madeleine.com\/wp-content\/uploads\/2025\/08\/Design-sans-titre-2025-06-07T113126.804-1-1-14x12.webp 14w\" sizes=\"(max-width: 1200px) 100vw, 1200px\" \/>\t\t\t\t\t\t\t\t\t\t\t\t\t\t\t<\/div>\n\t\t\t\t<\/div>\n\t\t\t\t\t<\/div>\n\t\t<\/div>\n\t\t\t\t\t<\/div>\n\t\t<\/section>\n\t\t\t\t<section class=\"elementor-section elementor-inner-section elementor-element elementor-element-2d91014 elementor-section-full_width elementor-section-height-default elementor-section-height-default\" data-id=\"2d91014\" data-element_type=\"section\" data-e-type=\"section\">\n\t\t\t\t\t\t<div class=\"elementor-container elementor-column-gap-no\">\n\t\t\t\t\t<div class=\"elementor-column elementor-col-100 elementor-inner-column elementor-element elementor-element-99a27d7\" data-id=\"99a27d7\" data-element_type=\"column\" data-e-type=\"column\">\n\t\t\t<div class=\"elementor-widget-wrap elementor-element-populated\">\n\t\t\t\t\t\t<div class=\"elementor-element elementor-element-d437172 elementor-widget-divider--view-line elementor-widget elementor-widget-divider\" data-id=\"d437172\" data-element_type=\"widget\" data-e-type=\"widget\" data-widget_type=\"divider.default\">\n\t\t\t\t<div class=\"elementor-widget-container\">\n\t\t\t\t\t\t\t<div class=\"elementor-divider\">\n\t\t\t<span class=\"elementor-divider-separator\">\n\t\t\t\t\t\t<\/span>\n\t\t<\/div>\n\t\t\t\t\t\t<\/div>\n\t\t\t\t<\/div>\n\t\t\t\t<div class=\"elementor-element elementor-element-428f027 elementor-widget elementor-widget-image-box\" data-id=\"428f027\" data-element_type=\"widget\" data-e-type=\"widget\" data-widget_type=\"image-box.default\">\n\t\t\t\t<div class=\"elementor-widget-container\">\n\t\t\t\t\t<div class=\"elementor-image-box-wrapper\"><div class=\"elementor-image-box-content\"><h3 class=\"elementor-image-box-title\"><a href=\"#\">Our Goal<\/a><\/h3><p class=\"elementor-image-box-description\">Our goal is clear: to offer a warm, generous, and genuine experience to everyone who walks through our door.\nTo share a good meal, feel at ease, and leave with a smile.\nThat\u2019s the spirit of Le Relais Madeleine.<\/p><\/div><\/div>\t\t\t\t<\/div>\n\t\t\t\t<\/div>\n\t\t\t\t\t<\/div>\n\t\t<\/div>\n\t\t\t\t\t<\/div>\n\t\t<\/section>\n\t\t\t\t\t<\/div>\n\t\t<\/div>\n\t\t\t\t\t<\/div>\n\t\t<\/section>\n\t\t\t\t<\/div>","protected":false},"excerpt":{"rendered":"<p>Notre histoire Une adresse parisienne, une cuisine de c\u0153ur. Un lieu charg\u00e9 d&rsquo;histoire Le Relais Madeleine, c\u2019est avant tout une histoire de passion : celle d\u2019une \u00e9quipe attach\u00e9e aux traditions culinaires fran\u00e7aises et \u00e0 l\u2019esprit bistrot. Au fil des ann\u00e9es, notre maison est devenue un lieu de vie, de rencontres, de bons moments partag\u00e9s autour [&hellip;]<\/p>\n","protected":false},"author":1,"featured_media":0,"parent":0,"menu_order":0,"comment_status":"closed","ping_status":"closed","template":"","meta":{"site-sidebar-layout":"no-sidebar","site-content-layout":"page-builder","ast-site-content-layout":"full-width-container","site-content-style":"unboxed","site-sidebar-style":"unboxed","ast-global-header-display":"","ast-banner-title-visibility":"","ast-main-header-display":"","ast-hfb-above-header-display":"","ast-hfb-below-header-display":"","ast-hfb-mobile-header-display":"","site-post-title":"disabled","ast-breadcrumbs-content":"","ast-featured-img":"disabled","footer-sml-layout":"","ast-disable-related-posts":"","theme-transparent-header-meta":"","adv-header-id-meta":"","stick-header-meta":"","header-above-stick-meta":"","header-main-stick-meta":"","header-below-stick-meta":"","astra-migrate-meta-layouts":"set","ast-page-background-enabled":"default","ast-page-background-meta":{"desktop":{"background-color":"var(--ast-global-color-4)","background-image":"","background-repeat":"repeat","background-position":"center center","background-size":"auto","background-attachment":"scroll","background-type":"","background-media":"","overlay-type":"","overlay-color":"","overlay-opacity":"","overlay-gradient":""},"tablet":{"background-color":"","background-image":"","background-repeat":"repeat","background-position":"center center","background-size":"auto","background-attachment":"scroll","background-type":"","background-media":"","overlay-type":"","overlay-color":"","overlay-opacity":"","overlay-gradient":""},"mobile":{"background-color":"","background-image":"","background-repeat":"repeat","background-position":"center center","background-size":"auto","background-attachment":"scroll","background-type":"","background-media":"","overlay-type":"","overlay-color":"","overlay-opacity":"","overlay-gradient":""}},"ast-content-background-meta":{"desktop":{"background-color":"var(--ast-global-color-5)","background-image":"","background-repeat":"repeat","background-position":"center center","background-size":"auto","background-attachment":"scroll","background-type":"","background-media":"","overlay-type":"","overlay-color":"","overlay-opacity":"","overlay-gradient":""},"tablet":{"background-color":"var(--ast-global-color-5)","background-image":"","background-repeat":"repeat","background-position":"center center","background-size":"auto","background-attachment":"scroll","background-type":"","background-media":"","overlay-type":"","overlay-color":"","overlay-opacity":"","overlay-gradient":""},"mobile":{"background-color":"var(--ast-global-color-5)","background-image":"","background-repeat":"repeat","background-position":"center center","background-size":"auto","background-attachment":"scroll","background-type":"","background-media":"","overlay-type":"","overlay-color":"","overlay-opacity":"","overlay-gradient":""}},"_themeisle_gutenberg_block_has_review":false,"footnotes":""},"class_list":["post-791","page","type-page","status-publish","hentry"],"yoast_head":"<!-- This site is optimized with the Yoast SEO plugin v27.2 - https:\/\/yoast.com\/product\/yoast-seo-wordpress\/ -->\n<title>Notre histoire - Relais Madeleine<\/title>\n<meta name=\"robots\" content=\"index, follow, max-snippet:-1, max-image-preview:large, max-video-preview:-1\" \/>\n<link rel=\"canonical\" href=\"https:\/\/restaurant-relais-madeleine.com\/en\/about-2\/\" \/>\n<meta property=\"og:locale\" content=\"en_US\" \/>\n<meta property=\"og:type\" content=\"article\" \/>\n<meta property=\"og:title\" content=\"Notre histoire - Relais Madeleine\" \/>\n<meta property=\"og:description\" content=\"Notre histoire Une adresse parisienne, une cuisine de c\u0153ur. Un lieu charg\u00e9 d&rsquo;histoire Le Relais Madeleine, c\u2019est avant tout une histoire de passion : celle d\u2019une \u00e9quipe attach\u00e9e aux traditions culinaires fran\u00e7aises et \u00e0 l\u2019esprit bistrot. Au fil des ann\u00e9es, notre maison est devenue un lieu de vie, de rencontres, de bons moments partag\u00e9s autour [&hellip;]\" \/>\n<meta property=\"og:url\" content=\"https:\/\/restaurant-relais-madeleine.com\/en\/about-2\/\" \/>\n<meta property=\"og:site_name\" content=\"Relais Madeleine\" \/>\n<meta property=\"article:modified_time\" content=\"2025-08-29T12:25:10+00:00\" \/>\n<meta property=\"og:image\" content=\"https:\/\/restaurant-relais-madeleine.com\/wp-content\/uploads\/2025\/08\/Design-sans-titre-2025-06-07T113126.804-1-1.webp\" \/>\n<meta name=\"twitter:card\" content=\"summary_large_image\" \/>\n<meta name=\"twitter:label1\" content=\"Est. reading time\" \/>\n\t<meta name=\"twitter:data1\" content=\"1 minute\" \/>\n<script type=\"application\/ld+json\" class=\"yoast-schema-graph\">{\"@context\":\"https:\/\/schema.org\",\"@graph\":[{\"@type\":\"WebPage\",\"@id\":\"https:\/\/restaurant-relais-madeleine.com\/about-2\/\",\"url\":\"https:\/\/restaurant-relais-madeleine.com\/about-2\/\",\"name\":\"Notre histoire - Relais Madeleine\",\"isPartOf\":{\"@id\":\"https:\/\/restaurant-relais-madeleine.com\/#website\"},\"primaryImageOfPage\":{\"@id\":\"https:\/\/restaurant-relais-madeleine.com\/about-2\/#primaryimage\"},\"image\":{\"@id\":\"https:\/\/restaurant-relais-madeleine.com\/about-2\/#primaryimage\"},\"thumbnailUrl\":\"https:\/\/restaurant-relais-madeleine.com\/wp-content\/uploads\/2025\/08\/Design-sans-titre-2025-06-07T113126.804-1-1.webp\",\"datePublished\":\"2025-05-30T06:51:51+00:00\",\"dateModified\":\"2025-08-29T12:25:10+00:00\",\"breadcrumb\":{\"@id\":\"https:\/\/restaurant-relais-madeleine.com\/about-2\/#breadcrumb\"},\"inLanguage\":\"en-US\",\"potentialAction\":[{\"@type\":\"ReadAction\",\"target\":[\"https:\/\/restaurant-relais-madeleine.com\/about-2\/\"]}]},{\"@type\":\"ImageObject\",\"inLanguage\":\"en-US\",\"@id\":\"https:\/\/restaurant-relais-madeleine.com\/about-2\/#primaryimage\",\"url\":\"https:\/\/restaurant-relais-madeleine.com\/wp-content\/uploads\/2025\/08\/Design-sans-titre-2025-06-07T113126.804-1-1.webp\",\"contentUrl\":\"https:\/\/restaurant-relais-madeleine.com\/wp-content\/uploads\/2025\/08\/Design-sans-titre-2025-06-07T113126.804-1-1.webp\"},{\"@type\":\"BreadcrumbList\",\"@id\":\"https:\/\/restaurant-relais-madeleine.com\/about-2\/#breadcrumb\",\"itemListElement\":[{\"@type\":\"ListItem\",\"position\":1,\"name\":\"Home\",\"item\":\"https:\/\/restaurant-relais-madeleine.com\/\"},{\"@type\":\"ListItem\",\"position\":2,\"name\":\"Notre histoire\"}]},{\"@type\":\"WebSite\",\"@id\":\"https:\/\/restaurant-relais-madeleine.com\/#website\",\"url\":\"https:\/\/restaurant-relais-madeleine.com\/\",\"name\":\"Relais Madeleine\",\"description\":\"Restaurant\",\"publisher\":{\"@id\":\"https:\/\/restaurant-relais-madeleine.com\/#organization\"},\"potentialAction\":[{\"@type\":\"SearchAction\",\"target\":{\"@type\":\"EntryPoint\",\"urlTemplate\":\"https:\/\/restaurant-relais-madeleine.com\/?s={search_term_string}\"},\"query-input\":{\"@type\":\"PropertyValueSpecification\",\"valueRequired\":true,\"valueName\":\"search_term_string\"}}],\"inLanguage\":\"en-US\"},{\"@type\":\"Organization\",\"@id\":\"https:\/\/restaurant-relais-madeleine.com\/#organization\",\"name\":\"Relais Madeleine\",\"url\":\"https:\/\/restaurant-relais-madeleine.com\/\",\"logo\":{\"@type\":\"ImageObject\",\"inLanguage\":\"en-US\",\"@id\":\"https:\/\/restaurant-relais-madeleine.com\/#\/schema\/logo\/image\/\",\"url\":\"https:\/\/restaurant-relais-madeleine.com\/wp-content\/uploads\/2025\/06\/Logo-Relais-W.png\",\"contentUrl\":\"https:\/\/restaurant-relais-madeleine.com\/wp-content\/uploads\/2025\/06\/Logo-Relais-W.png\",\"width\":528,\"height\":219,\"caption\":\"Relais Madeleine\"},\"image\":{\"@id\":\"https:\/\/restaurant-relais-madeleine.com\/#\/schema\/logo\/image\/\"}}]}<\/script>\n<!-- \/ Yoast SEO plugin. -->","yoast_head_json":{"title":"Notre histoire - Relais Madeleine","robots":{"index":"index","follow":"follow","max-snippet":"max-snippet:-1","max-image-preview":"max-image-preview:large","max-video-preview":"max-video-preview:-1"},"canonical":"https:\/\/restaurant-relais-madeleine.com\/en\/about-2\/","og_locale":"en_US","og_type":"article","og_title":"Notre histoire - Relais Madeleine","og_description":"Notre histoire Une adresse parisienne, une cuisine de c\u0153ur. Un lieu charg\u00e9 d&rsquo;histoire Le Relais Madeleine, c\u2019est avant tout une histoire de passion : celle d\u2019une \u00e9quipe attach\u00e9e aux traditions culinaires fran\u00e7aises et \u00e0 l\u2019esprit bistrot. Au fil des ann\u00e9es, notre maison est devenue un lieu de vie, de rencontres, de bons moments partag\u00e9s autour [&hellip;]","og_url":"https:\/\/restaurant-relais-madeleine.com\/en\/about-2\/","og_site_name":"Relais Madeleine","article_modified_time":"2025-08-29T12:25:10+00:00","og_image":[{"url":"https:\/\/restaurant-relais-madeleine.com\/wp-content\/uploads\/2025\/08\/Design-sans-titre-2025-06-07T113126.804-1-1.webp","type":"","width":"","height":""}],"twitter_card":"summary_large_image","twitter_misc":{"Est. reading time":"1 minute"},"schema":{"@context":"https:\/\/schema.org","@graph":[{"@type":"WebPage","@id":"https:\/\/restaurant-relais-madeleine.com\/about-2\/","url":"https:\/\/restaurant-relais-madeleine.com\/about-2\/","name":"Notre histoire - Relais Madeleine","isPartOf":{"@id":"https:\/\/restaurant-relais-madeleine.com\/#website"},"primaryImageOfPage":{"@id":"https:\/\/restaurant-relais-madeleine.com\/about-2\/#primaryimage"},"image":{"@id":"https:\/\/restaurant-relais-madeleine.com\/about-2\/#primaryimage"},"thumbnailUrl":"https:\/\/restaurant-relais-madeleine.com\/wp-content\/uploads\/2025\/08\/Design-sans-titre-2025-06-07T113126.804-1-1.webp","datePublished":"2025-05-30T06:51:51+00:00","dateModified":"2025-08-29T12:25:10+00:00","breadcrumb":{"@id":"https:\/\/restaurant-relais-madeleine.com\/about-2\/#breadcrumb"},"inLanguage":"en-US","potentialAction":[{"@type":"ReadAction","target":["https:\/\/restaurant-relais-madeleine.com\/about-2\/"]}]},{"@type":"ImageObject","inLanguage":"en-US","@id":"https:\/\/restaurant-relais-madeleine.com\/about-2\/#primaryimage","url":"https:\/\/restaurant-relais-madeleine.com\/wp-content\/uploads\/2025\/08\/Design-sans-titre-2025-06-07T113126.804-1-1.webp","contentUrl":"https:\/\/restaurant-relais-madeleine.com\/wp-content\/uploads\/2025\/08\/Design-sans-titre-2025-06-07T113126.804-1-1.webp"},{"@type":"BreadcrumbList","@id":"https:\/\/restaurant-relais-madeleine.com\/about-2\/#breadcrumb","itemListElement":[{"@type":"ListItem","position":1,"name":"Home","item":"https:\/\/restaurant-relais-madeleine.com\/"},{"@type":"ListItem","position":2,"name":"Notre histoire"}]},{"@type":"WebSite","@id":"https:\/\/restaurant-relais-madeleine.com\/#website","url":"https:\/\/restaurant-relais-madeleine.com\/","name":"Relais Madeleine","description":"Restaurant","publisher":{"@id":"https:\/\/restaurant-relais-madeleine.com\/#organization"},"potentialAction":[{"@type":"SearchAction","target":{"@type":"EntryPoint","urlTemplate":"https:\/\/restaurant-relais-madeleine.com\/?s={search_term_string}"},"query-input":{"@type":"PropertyValueSpecification","valueRequired":true,"valueName":"search_term_string"}}],"inLanguage":"en-US"},{"@type":"Organization","@id":"https:\/\/restaurant-relais-madeleine.com\/#organization","name":"Relais Madeleine","url":"https:\/\/restaurant-relais-madeleine.com\/","logo":{"@type":"ImageObject","inLanguage":"en-US","@id":"https:\/\/restaurant-relais-madeleine.com\/#\/schema\/logo\/image\/","url":"https:\/\/restaurant-relais-madeleine.com\/wp-content\/uploads\/2025\/06\/Logo-Relais-W.png","contentUrl":"https:\/\/restaurant-relais-madeleine.com\/wp-content\/uploads\/2025\/06\/Logo-Relais-W.png","width":528,"height":219,"caption":"Relais Madeleine"},"image":{"@id":"https:\/\/restaurant-relais-madeleine.com\/#\/schema\/logo\/image\/"}}]}},"_links":{"self":[{"href":"https:\/\/restaurant-relais-madeleine.com\/en\/wp-json\/wp\/v2\/pages\/791","targetHints":{"allow":["GET"]}}],"collection":[{"href":"https:\/\/restaurant-relais-madeleine.com\/en\/wp-json\/wp\/v2\/pages"}],"about":[{"href":"https:\/\/restaurant-relais-madeleine.com\/en\/wp-json\/wp\/v2\/types\/page"}],"author":[{"embeddable":true,"href":"https:\/\/restaurant-relais-madeleine.com\/en\/wp-json\/wp\/v2\/users\/1"}],"replies":[{"embeddable":true,"href":"https:\/\/restaurant-relais-madeleine.com\/en\/wp-json\/wp\/v2\/comments?post=791"}],"version-history":[{"count":49,"href":"https:\/\/restaurant-relais-madeleine.com\/en\/wp-json\/wp\/v2\/pages\/791\/revisions"}],"predecessor-version":[{"id":1647,"href":"https:\/\/restaurant-relais-madeleine.com\/en\/wp-json\/wp\/v2\/pages\/791\/revisions\/1647"}],"wp:attachment":[{"href":"https:\/\/restaurant-relais-madeleine.com\/en\/wp-json\/wp\/v2\/media?parent=791"}],"curies":[{"name":"wp","href":"https:\/\/api.w.org\/{rel}","templated":true}]}}